{"id":6124,"date":"2026-03-30T11:10:52","date_gmt":"2026-03-30T09:10:52","guid":{"rendered":"https:\/\/www.amalesperanza.org\/?page_id=6124"},"modified":"2026-03-30T11:10:52","modified_gmt":"2026-03-30T09:10:52","slug":"rehabilitacion-completa-de-la-casa-de-la-mujer-de-auserd","status":"publish","type":"page","link":"https:\/\/www.amalesperanza.org\/?page_id=6124","title":{"rendered":"Rehabilitaci\u00f3n completa de la Casa de la Mujer de Auserd"},"content":{"rendered":"<p>Entre los a\u00f1os 2022 y 2024 se ha llevado a cabo la rehabilitaci\u00f3n completa de la sede de la Uni\u00f3n Nacional de Mujeres Saharauis en Auserd.<a href=\"https:\/\/www.amalesperanza.org\/?attachment_id=6125\" rel=\"attachment wp-att-6125\"><img loading=\"lazy\" decoding=\"async\" class=\"aligncenter size-full wp-image-6125\" src=\"https:\/\/www.amalesperanza.org\/wp-content\/uploads\/2026\/03\/Diseno-sin-titulo-26-scaled.png\" alt=\"\" width=\"2560\" height=\"1440\" srcset=\"https:\/\/www.amalesperanza.org\/wp-content\/uploads\/2026\/03\/Diseno-sin-titulo-26-scaled.png 2560w, https:\/\/www.amalesperanza.org\/wp-content\/uploads\/2026\/03\/Diseno-sin-titulo-26-300x169.png 300w, https:\/\/www.amalesperanza.org\/wp-content\/uploads\/2026\/03\/Diseno-sin-titulo-26-1024x576.png 1024w, https:\/\/www.amalesperanza.org\/wp-content\/uploads\/2026\/03\/Diseno-sin-titulo-26-768x432.png 768w, https:\/\/www.amalesperanza.org\/wp-content\/uploads\/2026\/03\/Diseno-sin-titulo-26-1536x864.png 1536w, https:\/\/www.amalesperanza.org\/wp-content\/uploads\/2026\/03\/Diseno-sin-titulo-26-2048x1152.png 2048w\" sizes=\"auto, (max-width: 2560px) 100vw, 2560px\" \/><\/a><\/p>\n","protected":false},"excerpt":{"rendered":"<p>Entre los a\u00f1os 2022 y 2024 se ha llevado a cabo la rehabilitaci\u00f3n completa de la sede de la Uni\u00f3n Nacional de Mujeres Saharauis en Auserd.<\/p>\n","protected":false},"author":3,"featured_media":0,"parent":0,"menu_order":0,"comment_status":"closed","ping_status":"closed","template":"","meta":{"footnotes":""},"class_list":["post-6124","page","type-page","status-publish","hentry"],"_links":{"self":[{"href":"https:\/\/www.amalesperanza.org\/index.php?rest_route=\/wp\/v2\/pages\/6124","targetHints":{"allow":["GET"]}}],"collection":[{"href":"https:\/\/www.amalesperanza.org\/index.php?rest_route=\/wp\/v2\/pages"}],"about":[{"href":"https:\/\/www.amalesperanza.org\/index.php?rest_route=\/wp\/v2\/types\/page"}],"author":[{"embeddable":true,"href":"https:\/\/www.amalesperanza.org\/index.php?rest_route=\/wp\/v2\/users\/3"}],"replies":[{"embeddable":true,"href":"https:\/\/www.amalesperanza.org\/index.php?rest_route=%2Fwp%2Fv2%2Fcomments&post=6124"}],"version-history":[{"count":1,"href":"https:\/\/www.amalesperanza.org\/index.php?rest_route=\/wp\/v2\/pages\/6124\/revisions"}],"predecessor-version":[{"id":6127,"href":"https:\/\/www.amalesperanza.org\/index.php?rest_route=\/wp\/v2\/pages\/6124\/revisions\/6127"}],"wp:attachment":[{"href":"https:\/\/www.amalesperanza.org\/index.php?rest_route=%2Fwp%2Fv2%2Fmedia&parent=6124"}],"curies":[{"name":"wp","href":"https:\/\/api.w.org\/{rel}","templated":true}]}}