{"id":6120,"date":"2026-03-30T11:06:16","date_gmt":"2026-03-30T09:06:16","guid":{"rendered":"https:\/\/www.amalesperanza.org\/?page_id=6120"},"modified":"2026-03-30T11:06:16","modified_gmt":"2026-03-30T09:06:16","slug":"rehabilitacion-del-dispensario-de-lagwera","status":"publish","type":"page","link":"https:\/\/www.amalesperanza.org\/?page_id=6120","title":{"rendered":"Rehabilitaci\u00f3n del dispensario de Lagwera"},"content":{"rendered":"<p>De manera tambi\u00e9n coordinada, se ha comenzado un plan de actuaci\u00f3n en rehabilitaci\u00f3n de los dispensarios de las dairas de Auserd: en 2025 se afront\u00f3 el de Lagwera, junto a la asociaci\u00f3n C\u00e1diz Saharauia; y este a\u00f1o de 2026 se pretende abordar el de Bir Gandus.<\/p>\n<p><a href=\"https:\/\/www.amalesperanza.org\/?attachment_id=6121\" rel=\"attachment wp-att-6121\"><img loading=\"lazy\" decoding=\"async\" class=\"aligncenter size-full wp-image-6121\" src=\"https:\/\/www.amalesperanza.org\/wp-content\/uploads\/2026\/03\/Diseno-sin-titulo-25-scaled.png\" alt=\"\" width=\"2560\" height=\"1440\" srcset=\"https:\/\/www.amalesperanza.org\/wp-content\/uploads\/2026\/03\/Diseno-sin-titulo-25-scaled.png 2560w, https:\/\/www.amalesperanza.org\/wp-content\/uploads\/2026\/03\/Diseno-sin-titulo-25-300x169.png 300w, https:\/\/www.amalesperanza.org\/wp-content\/uploads\/2026\/03\/Diseno-sin-titulo-25-1024x576.png 1024w, https:\/\/www.amalesperanza.org\/wp-content\/uploads\/2026\/03\/Diseno-sin-titulo-25-768x432.png 768w, https:\/\/www.amalesperanza.org\/wp-content\/uploads\/2026\/03\/Diseno-sin-titulo-25-1536x864.png 1536w, https:\/\/www.amalesperanza.org\/wp-content\/uploads\/2026\/03\/Diseno-sin-titulo-25-2048x1152.png 2048w\" sizes=\"auto, (max-width: 2560px) 100vw, 2560px\" \/><\/a><\/p>\n","protected":false},"excerpt":{"rendered":"<p>De manera tambi\u00e9n coordinada, se ha comenzado un plan de actuaci\u00f3n en rehabilitaci\u00f3n de los dispensarios de las dairas de Auserd: en 2025 se afront\u00f3 el de Lagwera, junto a la asociaci\u00f3n C\u00e1diz Saharauia; y este a\u00f1o de 2026 se pretende abordar el de Bir Gandus.<\/p>\n","protected":false},"author":3,"featured_media":0,"parent":0,"menu_order":0,"comment_status":"closed","ping_status":"closed","template":"","meta":{"footnotes":""},"class_list":["post-6120","page","type-page","status-publish","hentry"],"_links":{"self":[{"href":"https:\/\/www.amalesperanza.org\/index.php?rest_route=\/wp\/v2\/pages\/6120","targetHints":{"allow":["GET"]}}],"collection":[{"href":"https:\/\/www.amalesperanza.org\/index.php?rest_route=\/wp\/v2\/pages"}],"about":[{"href":"https:\/\/www.amalesperanza.org\/index.php?rest_route=\/wp\/v2\/types\/page"}],"author":[{"embeddable":true,"href":"https:\/\/www.amalesperanza.org\/index.php?rest_route=\/wp\/v2\/users\/3"}],"replies":[{"embeddable":true,"href":"https:\/\/www.amalesperanza.org\/index.php?rest_route=%2Fwp%2Fv2%2Fcomments&post=6120"}],"version-history":[{"count":1,"href":"https:\/\/www.amalesperanza.org\/index.php?rest_route=\/wp\/v2\/pages\/6120\/revisions"}],"predecessor-version":[{"id":6123,"href":"https:\/\/www.amalesperanza.org\/index.php?rest_route=\/wp\/v2\/pages\/6120\/revisions\/6123"}],"wp:attachment":[{"href":"https:\/\/www.amalesperanza.org\/index.php?rest_route=%2Fwp%2Fv2%2Fmedia&parent=6120"}],"curies":[{"name":"wp","href":"https:\/\/api.w.org\/{rel}","templated":true}]}}