{"id":5860,"date":"2019-02-13T19:53:29","date_gmt":"2019-02-13T18:53:29","guid":{"rendered":"http:\/\/www.amalesperanza.org\/?page_id=5860"},"modified":"2019-02-13T19:57:50","modified_gmt":"2019-02-13T18:57:50","slug":"expolio-de-los-recursos-del-sahara-occidental","status":"publish","type":"page","link":"https:\/\/www.amalesperanza.org\/?page_id=5860","title":{"rendered":"Expolio de los recursos del S\u00e1hara Occidental"},"content":{"rendered":"<p>El acuerdo de Pesca entre la UE y Marruecos es ileg\u00edtimo y no rentable para la flota espa\u00f1ola<\/p>\n<p><iframe loading=\"lazy\" title=\"&quot;El acuerdo de Pesca entre la UE y Marruecos no es para la flota espa\u00f1ola&quot;\" width=\"660\" height=\"371\" src=\"https:\/\/www.youtube.com\/embed\/ptE_WAgDXWs?feature=oembed\" frameborder=\"0\" allow=\"accelerometer; autoplay; clipboard-write; encrypted-media; gyroscope; picture-in-picture; web-share\" referrerpolicy=\"strict-origin-when-cross-origin\" allowfullscreen><\/iframe><\/p>\n<p>Carlos Ruiz Miguel, Catedr\u00e1tico de Derecho Constitucional de la Universidad de Santiago de Compostela,\u00a0durante la I Jornadas El municipalismo ante el proceso de descolonizaci\u00f3n del S\u00e1hara Occidental celebradas en C\u00e1diz el pasado mes de noviembre.<\/p>\n<p>Con al visita a Marruecos de Felipe de Borb\u00f3n, tanto el Jefe de Estado como el Gobierno de Pedro S\u00e1nchez se est\u00e1n posicionan como valedores internacionales de la monarqu\u00eda marroqu\u00ed, respaldando la ocupaci\u00f3n ileg\u00edtima del S\u00e1hara y la represi\u00f3n que sufre la poblaci\u00f3n saharaui.<\/p>\n<p>Mientras Espa\u00f1a y otras potencias trabajan para cerrar acuerdos millonarios con Marruecos que benefician a unas pocas empresas privadas, la poblaci\u00f3n saharaui sufre precariedad, pobreza y la total ausencia de derechos civiles y pol\u00edticos.<\/p>\n<p><a href=\"https:\/\/www.larazon.es\/espana\/don-felipe-y-dona-letizia-inician-su-viaje-de-estado-a-marruecos-KI21929157\">https:\/\/www.larazon.es\/espana\/don-felipe-y-dona-letizia-inician-su-viaje-de-estado-a-marruecos-KI21929157<\/a><\/p>\n<p>&nbsp;<\/p>\n","protected":false},"excerpt":{"rendered":"<p>El acuerdo de Pesca entre la UE y Marruecos es ileg\u00edtimo y no rentable para la flota espa\u00f1ola Carlos Ruiz Miguel, Catedr\u00e1tico de Derecho Constitucional de la Universidad de Santiago de Compostela,\u00a0durante la I Jornadas El municipalismo ante el proceso de descolonizaci\u00f3n del S\u00e1hara Occidental celebradas en C\u00e1diz el pasado mes de noviembre. Con al &hellip; <a href=\"https:\/\/www.amalesperanza.org\/?page_id=5860\" class=\"more-link\">Sigue leyendo <span class=\"screen-reader-text\">Expolio de los recursos del S\u00e1hara Occidental<\/span><\/a><\/p>\n","protected":false},"author":3,"featured_media":0,"parent":5607,"menu_order":0,"comment_status":"closed","ping_status":"closed","template":"","meta":{"footnotes":""},"class_list":["post-5860","page","type-page","status-publish","hentry"],"_links":{"self":[{"href":"https:\/\/www.amalesperanza.org\/index.php?rest_route=\/wp\/v2\/pages\/5860","targetHints":{"allow":["GET"]}}],"collection":[{"href":"https:\/\/www.amalesperanza.org\/index.php?rest_route=\/wp\/v2\/pages"}],"about":[{"href":"https:\/\/www.amalesperanza.org\/index.php?rest_route=\/wp\/v2\/types\/page"}],"author":[{"embeddable":true,"href":"https:\/\/www.amalesperanza.org\/index.php?rest_route=\/wp\/v2\/users\/3"}],"replies":[{"embeddable":true,"href":"https:\/\/www.amalesperanza.org\/index.php?rest_route=%2Fwp%2Fv2%2Fcomments&post=5860"}],"version-history":[{"count":2,"href":"https:\/\/www.amalesperanza.org\/index.php?rest_route=\/wp\/v2\/pages\/5860\/revisions"}],"predecessor-version":[{"id":5863,"href":"https:\/\/www.amalesperanza.org\/index.php?rest_route=\/wp\/v2\/pages\/5860\/revisions\/5863"}],"up":[{"embeddable":true,"href":"https:\/\/www.amalesperanza.org\/index.php?rest_route=\/wp\/v2\/pages\/5607"}],"wp:attachment":[{"href":"https:\/\/www.amalesperanza.org\/index.php?rest_route=%2Fwp%2Fv2%2Fmedia&parent=5860"}],"curies":[{"name":"wp","href":"https:\/\/api.w.org\/{rel}","templated":true}]}}