{"id":5614,"date":"2016-09-13T23:31:11","date_gmt":"2016-09-13T21:31:11","guid":{"rendered":"http:\/\/www.amalesperanza.org\/?page_id=5614"},"modified":"2019-02-26T21:24:05","modified_gmt":"2019-02-26T20:24:05","slug":"centro-de-atencion-temprana-de-discapacidades-mahfud-ali-beiba","status":"publish","type":"page","link":"https:\/\/www.amalesperanza.org\/?page_id=5614","title":{"rendered":"Centro de atenci\u00f3n temprana de discapacidades \u201cMahfud Ali Beiba\u201d"},"content":{"rendered":"<p style=\"text-align: justify;\"><span style=\"color: #ff6600;\">El Centro de atenci\u00f3n temprana sigue funcionando, cuenta con un 80% m\u00e1s de usuarios que en abril de 2017, y la financiaci\u00f3n del mantenimiento del mismo sigue a cargo de las tres asociaciones titulares de la iniciativa.<a href=\"https:\/\/www.amalesperanza.org\/?attachment_id=5749\" rel=\"attachment wp-att-5749\"><img loading=\"lazy\" decoding=\"async\" class=\"aligncenter size-full wp-image-5749\" src=\"https:\/\/www.amalesperanza.org\/wp-content\/uploads\/2016\/08\/2.jpg\" alt=\"\" width=\"555\" height=\"206\" srcset=\"https:\/\/www.amalesperanza.org\/wp-content\/uploads\/2016\/08\/2.jpg 555w, https:\/\/www.amalesperanza.org\/wp-content\/uploads\/2016\/08\/2-300x111.jpg 300w\" sizes=\"auto, (max-width: 555px) 100vw, 555px\" \/><\/a><\/span><\/p>\n<p style=\"text-align: justify;\"><span style=\"color: #800000;\"><strong>Julio 2017<\/strong>: El Centro de atenci\u00f3n temprana de discapacidades \u201cMahfud Ali Beiba\u201d es ya una realidad, a continuaci\u00f3n se muestran fotos del centro y del trabajo que se realiza en el mismo.<img loading=\"lazy\" decoding=\"async\" class=\"aligncenter wp-image-5726\" src=\"https:\/\/www.amalesperanza.org\/wp-content\/uploads\/2016\/09\/Campamentos-111.jpg\" alt=\"\" width=\"660\" height=\"220\" srcset=\"https:\/\/www.amalesperanza.org\/wp-content\/uploads\/2016\/09\/Campamentos-111.jpg 600w, https:\/\/www.amalesperanza.org\/wp-content\/uploads\/2016\/09\/Campamentos-111-300x100.jpg 300w\" sizes=\"auto, (max-width: 660px) 100vw, 660px\" \/><\/span><\/p>\n<p style=\"text-align: justify;\"><img loading=\"lazy\" decoding=\"async\" class=\"aligncenter size-full wp-image-5727\" src=\"https:\/\/www.amalesperanza.org\/wp-content\/uploads\/2016\/09\/Centro-atencion-temprana.jpg\" alt=\"\" width=\"700\" height=\"228\" srcset=\"https:\/\/www.amalesperanza.org\/wp-content\/uploads\/2016\/09\/Centro-atencion-temprana.jpg 700w, https:\/\/www.amalesperanza.org\/wp-content\/uploads\/2016\/09\/Centro-atencion-temprana-300x98.jpg 300w\" sizes=\"auto, (max-width: 700px) 100vw, 700px\" \/><\/p>\n<p style=\"text-align: justify;\"><span style=\"color: #333399;\"><img loading=\"lazy\" decoding=\"async\" class=\"aligncenter size-full wp-image-5729\" src=\"https:\/\/www.amalesperanza.org\/wp-content\/uploads\/2016\/09\/Centro-atencion-temprana2.jpg\" alt=\"\" width=\"700\" height=\"253\" srcset=\"https:\/\/www.amalesperanza.org\/wp-content\/uploads\/2016\/09\/Centro-atencion-temprana2.jpg 700w, https:\/\/www.amalesperanza.org\/wp-content\/uploads\/2016\/09\/Centro-atencion-temprana2-300x108.jpg 300w\" sizes=\"auto, (max-width: 700px) 100vw, 700px\" \/>Amal Esperanza se ha embarcado en este ambicioso proyecto, que tiene como fin \u00faltimo crear un recurso de Atenci\u00f3n Temprana en los campamentos de refugiados saharauis. La poblaci\u00f3n objeto, por lo tanto, son menores de 0 a 9 a\u00f1os con trastornos del neurodesarrollo de la wilaya\u00a0 de Dajla.<\/span><\/p>\n<p style=\"text-align: justify;\"><span style=\"color: #333399;\">El proyecto tiene diferentes fases:<\/span><\/p>\n<ul>\n<li><span style=\"color: #333399;\">Diagn\u00f3stico social de la situaci\u00f3n de la prevenci\u00f3n de riesgos durante el embarazo, durante el parto y tratamiento de estos trastornos hasta los 6 a\u00f1os.<\/span><\/li>\n<li><span style=\"color: #333399;\">Campa\u00f1as de sensibilizaci\u00f3n sobre el diagn\u00f3stico e intervenci\u00f3n precoz de trastornos del neurodesarrollo, desde los m\u00e1s b\u00e1sico a lo m\u00e1s desarrollado.<\/span><\/li>\n<li><span style=\"color: #333399;\">Fomentar el trabajo en red.<\/span><\/li>\n<li><span style=\"color: #333399;\">Selecci\u00f3n del personal saharaui y cursos de formaci\u00f3n impartidos por la t\u00e9cnico en sus visitas.<\/span><\/li>\n<li><span style=\"color: #333399;\">Elecci\u00f3n de la instalaci\u00f3n provincial que ocupar\u00e1 este recurso, que habr\u00e1 que equipar con diferentes materiales.<\/span><\/li>\n<li><span style=\"color: #333399;\">Puesta en marcha.<\/span><\/li>\n<\/ul>\n<p style=\"text-align: justify;\"><span style=\"color: #333399;\">La informaci\u00f3n completa del proyecto, el presupuesto en dinares argelinos, y el plano de planta del edificio se pueden ver pulsando en los siguientes enlaces:<\/span><\/p>\n<ul style=\"text-align: justify;\">\n<li><span style=\"color: #333399;\"><a style=\"color: #333399;\" href=\"https:\/\/www.amalesperanza.org\/wp-content\/uploads\/2016\/09\/2016-Proyecto-Centro-de-atenci\u00f3n-temprana-de-discapacidades-\u201cMahfud-Ali-Beiba\u201d-en-Dajla.pdf\" target=\"_blank\" rel=\"noopener noreferrer\">Proyecto<\/a><\/span><\/li>\n<li><span style=\"color: #333399;\"><a style=\"color: #333399;\" href=\"https:\/\/www.amalesperanza.org\/wp-content\/uploads\/2016\/09\/Presupuesto.pdf\" target=\"_blank\" rel=\"noopener noreferrer\">Presupuesto<\/a><\/span><\/li>\n<li><span style=\"color: #333399;\"><a style=\"color: #333399;\" href=\"https:\/\/www.amalesperanza.org\/wp-content\/uploads\/2016\/09\/01-Planta-y-cotas.jpg\" target=\"_blank\" rel=\"noopener noreferrer\">Plano<\/a><\/span><\/li>\n<\/ul>\n<p style=\"text-align: justify;\"><span style=\"color: #333399;\">El proyecto ya va cogiendo forma, han sido muchos meses de preparaci\u00f3n y esfuerzos. Aqu\u00ed tenemos las primeras fotos:<img loading=\"lazy\" decoding=\"async\" class=\"aligncenter size-full wp-image-5633\" src=\"https:\/\/www.amalesperanza.org\/wp-content\/uploads\/2016\/09\/IMG-20160819-WA0012.jpg\" alt=\"img-20160819-wa0012\" width=\"500\" height=\"479\" srcset=\"https:\/\/www.amalesperanza.org\/wp-content\/uploads\/2016\/09\/IMG-20160819-WA0012.jpg 500w, https:\/\/www.amalesperanza.org\/wp-content\/uploads\/2016\/09\/IMG-20160819-WA0012-300x287.jpg 300w\" sizes=\"auto, (max-width: 500px) 100vw, 500px\" \/><img loading=\"lazy\" decoding=\"async\" class=\"aligncenter size-full wp-image-5634\" src=\"https:\/\/www.amalesperanza.org\/wp-content\/uploads\/2016\/09\/IMG-20160828-WA0004.jpg\" alt=\"img-20160828-wa0004\" width=\"500\" height=\"281\" srcset=\"https:\/\/www.amalesperanza.org\/wp-content\/uploads\/2016\/09\/IMG-20160828-WA0004.jpg 500w, https:\/\/www.amalesperanza.org\/wp-content\/uploads\/2016\/09\/IMG-20160828-WA0004-300x169.jpg 300w\" sizes=\"auto, (max-width: 500px) 100vw, 500px\" \/><br \/>\n<\/span><\/p>\n<p style=\"text-align: justify;\"><span style=\"color: #333399;\"><img loading=\"lazy\" decoding=\"async\" class=\"aligncenter size-full wp-image-5635\" src=\"https:\/\/www.amalesperanza.org\/wp-content\/uploads\/2016\/09\/IMG-20160828-WA0000.jpg\" alt=\"img-20160828-wa0000\" width=\"500\" height=\"281\" srcset=\"https:\/\/www.amalesperanza.org\/wp-content\/uploads\/2016\/09\/IMG-20160828-WA0000.jpg 500w, https:\/\/www.amalesperanza.org\/wp-content\/uploads\/2016\/09\/IMG-20160828-WA0000-300x169.jpg 300w\" sizes=\"auto, (max-width: 500px) 100vw, 500px\" \/>Lo que veis es la cimentaci\u00f3n y el levantamiento de la estructura, se prev\u00e9 terminar para finales de septiembre de 2016 y se inaugurar\u00e1 en octubre, con la presencia de miembros de Amal Esperanza.<\/span><\/p>\n<p style=\"text-align: justify;\"><span style=\"color: #333399;\">A propuesta de Amal, el Gobierno Saharaui ha dado el visto bueno a que lleve el nombre de \u00abMahfud Ali Beiba\u00bb, hist\u00f3rico dirigente del Polisario, y gran amigo de esta asociaci\u00f3n.<\/span><\/p>\n<p style=\"text-align: justify;\"><span style=\"color: #333399;\">El centro empezar\u00e1 a funcionar inmediatamente, mediante un proyecto t\u00e9cnico dise\u00f1ado por la psic\u00f3loga Manuela Mart\u00edn-Bejarano.<\/span><\/p>\n<p style=\"text-align: justify;\"><span style=\"color: #333399;\">El personal que dirigir\u00e1 este centro consistir\u00e1 en tres profesionales saharauis: una psic\u00f3loga, un fisioterapeuta y una maestra de educaci\u00f3n especial. La formaci\u00f3n inicial estar\u00e1 a cargo de dos profesionales del Hospital 12 de octubre de Madrid que viajar\u00e1n con miembros de Amal: una psic\u00f3loga (la que particip\u00f3 en la puesta en marcha de la idea) y una fisioterapeuta infantil.<\/span><\/p>\n<p style=\"text-align: justify;\"><span style=\"color: #333399;\">Este proyecto se lleva a cabo, de momento, con financiaci\u00f3n 100 % de Amal Esperanza, aunque no podemos enga\u00f1arnos: el esfuerzo y los recursos ajenos que han sido necesarios para poner en marcha el proyecto no son sostenibles si queremos que el centro perviva. T\u00e9ngase en cuenta que Amal ha comprometido la construcci\u00f3n (que ya se est\u00e1 realizando), la dotaci\u00f3n material (que ya march\u00f3 en el cami\u00f3n enviado en febrero 2016) y las compensaciones econ\u00f3micas de los tres profesionales que trabajar\u00e1n en dicho centro.<\/span><\/p>\n<p style=\"text-align: justify;\"><span style=\"color: #333399;\">Cabe decir que el apoyo t\u00e9cnico se fundamenta en la colaboraci\u00f3n de Afanas, y muy especialmente de la psic\u00f3loga Manuela Mart\u00edn Bejarano. Pero estamos en conversaciones con otras entidades y Administraciones, especialmente el Ayuntamiento de El Puerto de Santa Mar\u00eda, en orden a que su entrada en la financiaci\u00f3n de la construcci\u00f3n permita el retorno de fondos necesario para asegurar el mantenimiento de las actividades.<\/span><\/p>\n<p style=\"text-align: justify;\"><span style=\"color: #333399;\">Se pueden realizar aportaciones en la cuenta de la <strong>CAJA RURAL DEL SUR, S. COOP. DE CREDITO: ES60 3187 0088 7210 9125 9729<\/strong>.<\/span><\/p>\n<p style=\"text-align: justify;\"><span style=\"color: #333399;\">Titular Amal Esperanza. Concepto: Centro de discapacidades. Debe aparecer el nombre del donante.<\/span><\/p>\n<p style=\"text-align: justify;\"><span style=\"text-decoration: underline;\"><span style=\"color: #800080; text-decoration: underline;\">SEPTIEMBRE 2016<\/span><\/span><\/p>\n<p style=\"text-align: justify;\"><span style=\"color: #800080;\">Hemos recibidos estas fotos sobre el estado actual de las obras del Centro.<img loading=\"lazy\" decoding=\"async\" class=\"aligncenter size-full wp-image-5645\" src=\"https:\/\/www.amalesperanza.org\/wp-content\/uploads\/2016\/09\/IMG-20160928-WA0009.jpg\" alt=\"img-20160928-wa0009\" width=\"500\" height=\"478\" srcset=\"https:\/\/www.amalesperanza.org\/wp-content\/uploads\/2016\/09\/IMG-20160928-WA0009.jpg 500w, https:\/\/www.amalesperanza.org\/wp-content\/uploads\/2016\/09\/IMG-20160928-WA0009-300x287.jpg 300w\" sizes=\"auto, (max-width: 500px) 100vw, 500px\" \/><\/span><\/p>\n","protected":false},"excerpt":{"rendered":"<p>El Centro de atenci\u00f3n temprana sigue funcionando, cuenta con un 80% m\u00e1s de usuarios que en abril de 2017, y la financiaci\u00f3n del mantenimiento del mismo sigue a cargo de las tres asociaciones titulares de la iniciativa. Julio 2017: El Centro de atenci\u00f3n temprana de discapacidades \u201cMahfud Ali Beiba\u201d es ya una realidad, a continuaci\u00f3n &hellip; <a href=\"https:\/\/www.amalesperanza.org\/?page_id=5614\" class=\"more-link\">Sigue leyendo <span class=\"screen-reader-text\">Centro de atenci\u00f3n temprana de discapacidades \u201cMahfud Ali Beiba\u201d<\/span><\/a><\/p>\n","protected":false},"author":3,"featured_media":0,"parent":0,"menu_order":0,"comment_status":"closed","ping_status":"closed","template":"","meta":{"footnotes":""},"class_list":["post-5614","page","type-page","status-publish","hentry"],"_links":{"self":[{"href":"https:\/\/www.amalesperanza.org\/index.php?rest_route=\/wp\/v2\/pages\/5614","targetHints":{"allow":["GET"]}}],"collection":[{"href":"https:\/\/www.amalesperanza.org\/index.php?rest_route=\/wp\/v2\/pages"}],"about":[{"href":"https:\/\/www.amalesperanza.org\/index.php?rest_route=\/wp\/v2\/types\/page"}],"author":[{"embeddable":true,"href":"https:\/\/www.amalesperanza.org\/index.php?rest_route=\/wp\/v2\/users\/3"}],"replies":[{"embeddable":true,"href":"https:\/\/www.amalesperanza.org\/index.php?rest_route=%2Fwp%2Fv2%2Fcomments&post=5614"}],"version-history":[{"count":15,"href":"https:\/\/www.amalesperanza.org\/index.php?rest_route=\/wp\/v2\/pages\/5614\/revisions"}],"predecessor-version":[{"id":5644,"href":"https:\/\/www.amalesperanza.org\/index.php?rest_route=\/wp\/v2\/pages\/5614\/revisions\/5644"}],"wp:attachment":[{"href":"https:\/\/www.amalesperanza.org\/index.php?rest_route=%2Fwp%2Fv2%2Fmedia&parent=5614"}],"curies":[{"name":"wp","href":"https:\/\/api.w.org\/{rel}","templated":true}]}}