{"id":3735,"date":"2013-01-23T23:23:50","date_gmt":"2013-01-23T22:23:50","guid":{"rendered":"http:\/\/www.amalesperanza.org\/?page_id=3735"},"modified":"2019-01-30T20:08:11","modified_gmt":"2019-01-30T19:08:11","slug":"apadrina-un-huerto","status":"publish","type":"page","link":"https:\/\/www.amalesperanza.org\/?page_id=3735","title":{"rendered":"APADRINA UN HUERTO"},"content":{"rendered":"<p>Marzo 2017: V\u00eddeos sobre los huertos familiares en Auserd:<iframe loading=\"lazy\" src=\"https:\/\/www.youtube.com\/embed\/684AhLfAuNM\" width=\"560\" height=\"315\" frameborder=\"0\" allowfullscreen=\"allowfullscreen\">&nbsp;<\/p>\n<p><\/iframe><iframe loading=\"lazy\" src=\"https:\/\/www.youtube.com\/embed\/AFH8u_k0aUo\" width=\"560\" height=\"315\" frameborder=\"0\" allowfullscreen=\"allowfullscreen\"><\/iframe><\/p>\n<figure id=\"attachment_4169\" aria-describedby=\"caption-attachment-4169\" style=\"width: 500px\" class=\"wp-caption aligncenter\"><img loading=\"lazy\" decoding=\"async\" class=\"size-full wp-image-4169 \" src=\"https:\/\/www.amalesperanza.org\/wp-content\/uploads\/2013\/01\/w049.jpg\" alt=\"w049\" width=\"500\" height=\"286\" srcset=\"https:\/\/www.amalesperanza.org\/wp-content\/uploads\/2013\/01\/w049.jpg 500w, https:\/\/www.amalesperanza.org\/wp-content\/uploads\/2013\/01\/w049-300x171.jpg 300w\" sizes=\"auto, (max-width: 500px) 100vw, 500px\" \/><figcaption id=\"caption-attachment-4169\" class=\"wp-caption-text\"><span style=\"color: #008000;\">Primeros trabajos en octubre de 2011<\/span><\/figcaption><\/figure>\n<p><span style=\"color: #0000ff;\"><strong><span style=\"text-decoration: underline;\">CAMPA\u00d1A DE MANTENIMIENTOS DE HUERTOS FAMILIARES EN AUSERD<\/span><\/strong><\/span><\/p>\n<p><span style=\"color: #0000ff;\">Amal Esperanza inicia una campa\u00f1a de Apadrinamiento para el mantenimiento de los huertos familiares en Auserd.<\/span><\/p>\n<p><span style=\"color: #0000ff;\">En esta web tienes informaci\u00f3n sobre los huertos, su historia y su estado. Pero estos huertos requieren mantenimiento: semillas, material de reposici\u00f3n, trabajos cuando sufren el embate del siroco. etc.<\/span><u><\/u><u><\/u><\/p>\n<p><u><\/u><span style=\"color: #0000ff;\">Para ello, Amal Esperanza ha dise\u00f1ado un mecanismo de apadrinamiento de dicho mantenimiento, mediante el que puedes mantener uno, o m\u00e1s huertos,<\/span><\/p>\n<p><strong><span style=\"color: #0000ff;\"><u>INSTRUCCIONES PARA REALIZAR EL APADRINAMIENTO:<\/u><\/span><\/strong><\/p>\n<p><span style=\"color: #0000ff;\">S\u00f3lo tienes que rellenar el documento de domiciliaci\u00f3n que se inserta en esta web, y devolv\u00e9rnoslo por correo electr\u00f3nico a la direcci\u00f3n<\/span><u><\/u><u><\/u><\/p>\n<p><u><\/u><a href=\"mailto:info@amalesperanza.org\" target=\"_blank\" rel=\"noopener\">info@amalesperanza.org<\/a><u><\/u><u><\/u><\/p>\n<p><u><\/u><span style=\"color: #0000ff;\">A partir de entonces se te asociar\u00e1 una familia saharaui, de la que conocer\u00e1s nombre y d\u00f3nde vive, y recibir\u00e1s puntual informaci\u00f3n tras cada viaje de Amal Esperanza al territorio.<\/span><\/p>\n<p><a href=\"https:\/\/drive.google.com\/open?id=1EW2fYdXiulXGcYCIioKw404LXgGl3rwM\">https:\/\/drive.google.com\/open?id=1EW2fYdXiulXGcYCIioKw404LXgGl3rwM<\/a><\/p>\n<p style=\"text-align: justify;\"><span style=\"color: #008000;\"><strong><span style=\"text-decoration: underline;\">CAMPA\u00d1A DE HUERTOS FAMILIARES EN AUSERD<\/span><\/strong><\/span><\/p>\n<p style=\"text-align: justify;\"><span style=\"color: #008000;\">La asociaci\u00f3n Amal Esperanza trabaja distintos aspectos de cooperaci\u00f3n en la <b>wilaya de Auserd<\/b>, uno de los cinco campamentos de refugiados saharauis situados en el desierto argelino. Con una de las dairas de Auserd, <b>La G\u00fcera<\/b>, est\u00e1 hermanada la ciudad de El Puerto de Santa Mar\u00eda desde al a\u00f1o 1993.<\/span><\/p>\n<figure id=\"attachment_4172\" aria-describedby=\"caption-attachment-4172\" style=\"width: 350px\" class=\"wp-caption alignright\"><img loading=\"lazy\" decoding=\"async\" class=\"size-full wp-image-4172\" src=\"https:\/\/www.amalesperanza.org\/wp-content\/uploads\/2013\/01\/whuerto2a\u00f1os.jpg\" alt=\"Este huerto lleva m\u00e1s de 2 a\u00f1os funcionando\" width=\"350\" height=\"179\" srcset=\"https:\/\/www.amalesperanza.org\/wp-content\/uploads\/2013\/01\/whuerto2a\u00f1os.jpg 350w, https:\/\/www.amalesperanza.org\/wp-content\/uploads\/2013\/01\/whuerto2a\u00f1os-300x153.jpg 300w\" sizes=\"auto, (max-width: 350px) 100vw, 350px\" \/><figcaption id=\"caption-attachment-4172\" class=\"wp-caption-text\"><span style=\"color: #008000;\">Este huerto lleva m\u00e1s de 2 a\u00f1os funcionando<\/span><\/figcaption><\/figure>\n<p style=\"text-align: justify;\"><span style=\"color: #008000;\">Esta condici\u00f3n de municipio hermanado ha llevado a Amal Esperanza a cuidar especialmente esta relaci\u00f3n, fomentando programas de cooperaci\u00f3n espec\u00edficos con dicha daira. En el 2011, con patrocinio municipal y de familias portuenses, se puso en marcha una experiencia nueva, que puede tener una extensi\u00f3n f\u00e1cil y deseable: <b>los huertos familiares<\/b>.<\/span><\/p>\n<figure id=\"attachment_4233\" aria-describedby=\"caption-attachment-4233\" style=\"width: 300px\" class=\"wp-caption alignleft\"><img loading=\"lazy\" decoding=\"async\" class=\"size-full wp-image-4233\" src=\"https:\/\/www.amalesperanza.org\/wp-content\/uploads\/2013\/01\/w-Jesus-y-Dumaha.jpg\" alt=\"Presidente de Amal haciendo entrega de semillas\" width=\"300\" height=\"207\" \/><figcaption id=\"caption-attachment-4233\" class=\"wp-caption-text\"><span style=\"color: #008000;\">Presidente de Amal haciendo entrega de semillas<\/span><\/figcaption><\/figure>\n<p style=\"text-align: justify;\"><span style=\"color: #008000;\">Puede extra\u00f1ar a cualquiera esto de los huertos en el desierto, pero de siempre han existido, y existen varios en los Campamentos saharauis, entre ellos el que, tambi\u00e9n con patrocinio municipal, se lleva a nivel general de la wilaya: el huerto de Auserd, ra\u00edz de la que surgi\u00f3 la idea de los huertos familiares.<\/span><\/p>\n<p style=\"text-align: justify;\"><span style=\"color: #008000;\"><strong>El programa de huertos familiares consiste en la donaci\u00f3n de material para construir una zona delimitada para el huerto, junto a la casa familiar, y del material para trabajar la tierra, semilleros, semillas, abonos y un peque\u00f1o dep\u00f3sito individual de agua<\/strong>.<\/span><\/p>\n<p style=\"text-align: justify;\"><span style=\"color: #008000;\">La posibilidad de acceder a una alimentaci\u00f3n con inclusi\u00f3n de verduras supone algo importante en la vida de los refugiados; de hecho, tanto la valoran que, a pesar de lo inaccesible de la misma, procuran incluirla en la comida de bienvenida que nos ofrecen cuando vamos all\u00ed a trabajar: tomates, lechugas, berenjenas, cebollas, son bienes preciados en el mundo del refugiado. Tan preciados como inaccesibles.<\/span><\/p>\n<figure id=\"attachment_4175\" aria-describedby=\"caption-attachment-4175\" style=\"width: 350px\" class=\"wp-caption alignright\"><img loading=\"lazy\" decoding=\"async\" class=\"size-full wp-image-4175 \" src=\"https:\/\/www.amalesperanza.org\/wp-content\/uploads\/2013\/01\/wZeinab\u00fa-01.jpg\" alt=\"Entrega de material a Zeinab\u00fa Mboiric. Abril de 2012\" width=\"350\" height=\"214\" srcset=\"https:\/\/www.amalesperanza.org\/wp-content\/uploads\/2013\/01\/wZeinab\u00fa-01.jpg 350w, https:\/\/www.amalesperanza.org\/wp-content\/uploads\/2013\/01\/wZeinab\u00fa-01-300x183.jpg 300w\" sizes=\"auto, (max-width: 350px) 100vw, 350px\" \/><figcaption id=\"caption-attachment-4175\" class=\"wp-caption-text\"><span style=\"color: #008000;\">Miembro de Amal hace entrega de material. Abril de 2012<\/span><\/figcaption><\/figure>\n<p style=\"text-align: justify;\"><span style=\"color: #008000;\">Ocurre que el recorte de los presupuestos p\u00fablicos amenaza con paralizar este programa, ahora que empieza a consolidarse; por ello, desde Amal Esperanza decidimos a final de 2011 lanzar una propuesta de <b>Apadrinamiento de huertos familiares en La G\u00fcera<\/b>. Mediante el apadrinamiento, los donantes espa\u00f1oles se hacen responsables de los fondos necesarios para montar un huerto familiar (en la actualidad, 150 euros), huerto que se personaliza en dicho donante, en la forma que se indica a continuaci\u00f3n.<\/span><\/p>\n<p style=\"text-align: justify;\"><span style=\"color: #008000;\">En la actualidad <strong>se han puesto en marcha tres fases, que suman 50 huertos<\/strong>.\u00a0La primera de ellas se adentra en su tercera temporada, y la segunda cumple su primer a\u00f1o. La tercera se est\u00e1 iniciando desde abril pasado\u00a0(2013).<\/span><\/p>\n<figure id=\"attachment_4176\" aria-describedby=\"caption-attachment-4176\" style=\"width: 347px\" class=\"wp-caption alignleft\"><img loading=\"lazy\" decoding=\"async\" class=\"size-full wp-image-4176\" src=\"https:\/\/www.amalesperanza.org\/wp-content\/uploads\/2013\/01\/w-almacen.jpg\" alt=\"Almac\u00e9n de material en los campamentos\" width=\"347\" height=\"243\" srcset=\"https:\/\/www.amalesperanza.org\/wp-content\/uploads\/2013\/01\/w-almacen.jpg 347w, https:\/\/www.amalesperanza.org\/wp-content\/uploads\/2013\/01\/w-almacen-300x210.jpg 300w\" sizes=\"auto, (max-width: 347px) 100vw, 347px\" \/><figcaption id=\"caption-attachment-4176\" class=\"wp-caption-text\"><span style=\"color: #008000;\">Almac\u00e9n de material en los campamentos<\/span><\/figcaption><\/figure>\n<p style=\"text-align: justify;\"><span style=\"color: #008000;\">Como en todos nuestros programas de cooperaci\u00f3n, cuidamos mucho la explicaci\u00f3n previa, las garant\u00edas y la justificaci\u00f3n de la donaci\u00f3n; entregamos el material directamente, enviando all\u00ed a miembros de la asociaci\u00f3n, y elaboramos documentos de justificaci\u00f3n escritos y fotogr\u00e1ficos.<\/span><\/p>\n<p style=\"text-align: justify;\"><span style=\"color: #008000;\">En el caso de la participaci\u00f3n en el fomento de los huertos familiares, empieza el programa con la adhesi\u00f3n del donante al mismo, entregando por cualquier medio (directo o transferencia a la cuenta <b>3187 0088 72 1091259729<\/b>, de la Caja Rural del Sur) el importe necesario para la construcci\u00f3n de un huerto familiar, y recibiendo de Amal Esperanza un documento que le reconozca como tal. En el momento actual, esta cifra est\u00e1 fijada en <b>150 euros<\/b>. En caso de efectuar la donaci\u00f3n por transferencia, debe indicarse, adem\u00e1s del nombre del donante, el asunto \u201cHuertos familiares\u201d.<\/span><\/p>\n<figure id=\"attachment_4177\" aria-describedby=\"caption-attachment-4177\" style=\"width: 300px\" class=\"wp-caption alignright\"><a href=\"https:\/\/www.amalesperanza.org\/?attachment_id=4177\" rel=\"attachment wp-att-4177\"><img loading=\"lazy\" decoding=\"async\" class=\"size-full wp-image-4177\" src=\"https:\/\/www.amalesperanza.org\/wp-content\/uploads\/2013\/01\/wMent-el-Jer-02.jpg\" alt=\"Estado de uno de los huertos de 1\u00aa fase, en abril de 2012\" width=\"300\" height=\"225\" \/><\/a><figcaption id=\"caption-attachment-4177\" class=\"wp-caption-text\"><span style=\"color: #008000;\">Estado de uno de los huertos de 1\u00aa fase, en abril de 2012<\/span><\/figcaption><\/figure>\n<p style=\"text-align: justify;\"><span style=\"color: #008000;\">A ra\u00edz de ello, Amal Esperanza se encarga de la compra del material necesario, su inclusi\u00f3n en el env\u00edo anual de material de cooperaci\u00f3n, que hacemos en cami\u00f3n propio todos los meses de febrero, y de controlar todo el proceso de transporte hasta su llegada al campamentos de Auserd, donde se sit\u00faa la daira de La G\u00fcera. Una vez all\u00ed, el material queda custodiado por las autoridades locales, en tanto se desplazan los miembros de Amal Esperanza, cada mes de abril, para proceder a las entregas de material y la puesta en marcha de los programas.<\/span><\/p>\n<p style=\"text-align: justify;\"><span style=\"color: #008000;\">En paralelo, contactamos con las autoridades locales para proceder a la selecci\u00f3n de las familias saharauis participantes en el programa, siempre dando preferencia a las m\u00e1s necesitadas por cuestiones tanto econ\u00f3micas como sociales.<\/span><\/p>\n<p style=\"text-align: justify;\"><span style=\"color: #008000;\"><strong>Las familias participantes firman un documento de compromiso<\/strong> que, en el caso de huertos donados por particulares, se personalizar\u00e1 para que ambas familias, espa\u00f1ola y saharaui, conozcan la identidad de la otra parte.<a href=\"https:\/\/www.amalesperanza.org\/?attachment_id=4240\" rel=\"attachment wp-att-4240\"><img loading=\"lazy\" decoding=\"async\" class=\"aligncenter size-full wp-image-4240\" src=\"https:\/\/www.amalesperanza.org\/wp-content\/uploads\/2013\/01\/w-Compromiso-firmado.jpg\" alt=\"w-Compromiso firmado\" width=\"600\" height=\"970\" srcset=\"https:\/\/www.amalesperanza.org\/wp-content\/uploads\/2013\/01\/w-Compromiso-firmado.jpg 600w, https:\/\/www.amalesperanza.org\/wp-content\/uploads\/2013\/01\/w-Compromiso-firmado-185x300.jpg 185w\" sizes=\"auto, (max-width: 600px) 100vw, 600px\" \/><\/a><\/span><\/p>\n<p style=\"text-align: justify;\"><span style=\"color: #008000;\">A cada familia saharaui se le entrega una <span style=\"color: #0000ff;\"><strong><a href=\"https:\/\/www.amalesperanza.org\/?attachment_id=4234\" target=\"_blank\" rel=\"noopener\"><span style=\"color: #0000ff;\">ficha traducida de las semillas<\/span><\/a><\/strong><\/span>\u00a0(<strong><em>Pinchar para ver la ficha<\/em><\/strong>) entregadas y sus caracter\u00edsticas.<\/span><\/p>\n<p style=\"text-align: justify;\"><span style=\"color: #008000;\">A partir de ah\u00ed, <strong>Amal Esperanza seguir\u00e1 revisando la marcha de cada huerto, como hace con todos sus programas de cooperaci\u00f3n<\/strong>, motivo por el que env\u00eda a los Campamentos delegaciones de trabajo dos veces al a\u00f1o. Tras cada viaje, <strong>Amal Esperanza informar\u00e1 a los donantes, de forma individualizada, de la marcha del huerto producto de su donaci\u00f3n<\/strong>.\u00a0<img loading=\"lazy\" decoding=\"async\" class=\"alignright size-full wp-image-4230\" src=\"https:\/\/www.amalesperanza.org\/wp-content\/uploads\/2013\/01\/w-Mariam.jpg\" alt=\"w-Mariam\" width=\"300\" height=\"225\" \/><\/span><\/p>\n<p style=\"text-align: justify;\"><span style=\"color: #008000;\">Pero entendemos que, a veces, la voluntad no va acompa\u00f1ada de capacidad econ\u00f3mica para una inversi\u00f3n como la que os solicitamos. Para estos casos proponemos <strong>tres alternativas<\/strong>:<\/span><\/p>\n<ul style=\"text-align: justify;\">\n<li><span style=\"color: #008000;\"><strong>La donaci\u00f3n individual para un huerto,<\/strong> en la forma ya descrita m\u00e1s arriba.<\/span><\/li>\n<li><span style=\"color: #008000;\"><strong>La uni\u00f3n de varias familias o entidades en una sola donaci\u00f3n que sume el total requerido<\/strong>.<\/span><\/li>\n<li><span style=\"color: #008000;\"><strong>El compromiso con el mantenimiento de los huertos realizados<\/strong>, cosa igualmente necesaria, y <strong>que se reduce a la aportaci\u00f3n anual de semillas, turba y abonos<\/strong>, as\u00ed como la reposici\u00f3n de alguna parte de la infraestructura que haya sido da\u00f1ada por el medio tan hostil en el que se sit\u00faan. Esta donaci\u00f3n, de mucho menor impacto econ\u00f3mico, se cifra en <strong>50 euros anuales<\/strong>, y dada sus caracter\u00edsticas se realizar\u00eda por medio de la firma de un documento de apadrinamiento de una familia concreta, ya conocida por ser de fases anteriores.<\/span><\/li>\n<\/ul>\n<p style=\"text-align: justify;\"><span style=\"color: #008000;\"><img loading=\"lazy\" decoding=\"async\" class=\"alignright size-full wp-image-4178\" src=\"https:\/\/www.amalesperanza.org\/wp-content\/uploads\/2013\/01\/w026.jpg\" alt=\"w026\" width=\"350\" height=\"271\" srcset=\"https:\/\/www.amalesperanza.org\/wp-content\/uploads\/2013\/01\/w026.jpg 350w, https:\/\/www.amalesperanza.org\/wp-content\/uploads\/2013\/01\/w026-300x232.jpg 300w\" sizes=\"auto, (max-width: 350px) 100vw, 350px\" \/>Por tanto, os invitamos a participar en esta experiencia, beneficiosa en lo pr\u00e1ctico (la aportaci\u00f3n de verduras a la dieta en los Campamentos saharauis), y en lo personal, porque si para las familias saharauis es importante tener un referente en Espa\u00f1a, su familia amiga que ha posibilitado el huerto que los alimenta, para las familias espa\u00f1olas puede suponer el principio de una relaci\u00f3n humana con alguien lejano, una forma sencilla y cercana de participar en la cooperaci\u00f3n.<\/span><\/p>\n<p style=\"text-align: justify;\"><span style=\"color: #008000;\"><strong>Esperamos, pues, que os anim\u00e9is a colaborar con esta iniciativa<\/strong>.<\/span><\/p>\n<figure id=\"attachment_4231\" aria-describedby=\"caption-attachment-4231\" style=\"width: 600px\" class=\"wp-caption aligncenter\"><img loading=\"lazy\" decoding=\"async\" class=\" wp-image-4231 \" src=\"https:\/\/www.amalesperanza.org\/wp-content\/uploads\/2013\/01\/w-Lista-familias-3\u00aa-fase_\u00e1rabe.jpg\" alt=\"w-Lista familias 3\u00aa fase_\u00e1rabe\" width=\"600\" height=\"856\" srcset=\"https:\/\/www.amalesperanza.org\/wp-content\/uploads\/2013\/01\/w-Lista-familias-3\u00aa-fase_\u00e1rabe.jpg 600w, https:\/\/www.amalesperanza.org\/wp-content\/uploads\/2013\/01\/w-Lista-familias-3\u00aa-fase_\u00e1rabe-210x300.jpg 210w\" sizes=\"auto, (max-width: 600px) 100vw, 600px\" \/><figcaption id=\"caption-attachment-4231\" class=\"wp-caption-text\"><span style=\"color: #008000;\">Listado de las familias participantes en tercera fase<\/span><\/figcaption><\/figure>\n<p style=\"text-align: justify;\"><strong><span style=\"color: #008000;\"><span style=\"color: #008000;\"><span style=\"text-decoration: underline;\">COLABORACI\u00d3N<\/span><\/span><\/span><\/strong><strong style=\"color: #008000; text-decoration: underline;\">\u00a0EXTERNA<\/strong><\/p>\n<figure id=\"attachment_4843\" aria-describedby=\"caption-attachment-4843\" style=\"width: 150px\" class=\"wp-caption alignleft\"><img loading=\"lazy\" decoding=\"async\" class=\"size-thumbnail wp-image-4843\" src=\"https:\/\/www.amalesperanza.org\/wp-content\/uploads\/2013\/08\/04-foto-150x150.jpg\" alt=\"Un orbayu en el desierto\" width=\"150\" height=\"150\" \/><figcaption id=\"caption-attachment-4843\" class=\"wp-caption-text\">Un orbayu en el desierto<\/figcaption><\/figure>\n<p style=\"text-align: justify;\"><span style=\"color: #008000;\">Las asociaciones asturianas \u00ab<span style=\"color: #3366ff;\"><a href=\"https:\/\/www.amalesperanza.org\/wp-content\/uploads\/2013\/08\/03-Un-Orbayu-en-el-Desierto.pdf\" target=\"_blank\" rel=\"noopener\"><span style=\"color: #3366ff;\">Un orbayu en el desierto<\/span><\/a><\/span>\u00ab, y la juvenil \u00ab<span style=\"color: #3366ff;\"><a href=\"https:\/\/www.amalesperanza.org\/wp-content\/uploads\/2013\/08\/05-Presentaci\u00f3n-Esperteyu-2013.pdf\" target=\"_blank\" rel=\"noopener\"><span style=\"color: #3366ff;\">Esperteyu<\/span><\/a><\/span>\u00bb han decidido colaborar con Amal Esperanza en su proyecto de huertos familiares en Auserd, mediante el patrocinio de una cuarta fase.<\/span><\/p>\n<p style=\"text-align: justify;\"><span style=\"color: #008000;\">Esta fase, se puso en marcha en octubre de 2013 con la selecci\u00f3n de las familias saharauis participantes, y\u00a0abre nuevas v\u00edas de participaci\u00f3n en cooperaci\u00f3n en los Campamentos,\u00a0suponiendo la colaboraci\u00f3n de entidades lejanas en lo geogr\u00e1fico, aunque muy cercanas en sus objetivos respecto de la causa saharaui, y en c\u00f3mo abordar la cooperaci\u00f3n en los Campamentos de refugiados de Tinduf.<\/span><\/p>\n<p style=\"text-align: justify;\"><span style=\"color: #008000;\">La cuarta fase a desarrollar mediante esta nueva v\u00eda de colaboraci\u00f3n se va a instalar en las dairas de Bir Ganduz y Tichla, a raz\u00f3n de 8 en cada una de ellas. El material ya ha sido comprado, y se enviar\u00e1 en el cami\u00f3n de Amal Esperanza que, como cada a\u00f1o, saldr\u00e1 en febrero de 2014 hacia los Campamentos saharauis. En el pr\u00f3ximo mes de abril, o mayo, miembros de Amal Esperanza, Orbayu y Esperteyu se desplazar\u00e1n a los Campamentos para proceder a la entrega del material, puesta en marcha de los huertos, y seguimiento de las fases anteriores. En este viaje se entregar\u00e1, adem\u00e1s, diverso material a las familias participantes en fases anteriores.<\/span><span style=\"color: #008000;\">\u00a0<img loading=\"lazy\" decoding=\"async\" class=\"size-full wp-image-5135 aligncenter\" src=\"https:\/\/www.amalesperanza.org\/wp-content\/uploads\/2013\/01\/entrega-material-huerto.jpg\" alt=\"entrega material huerto\" width=\"350\" height=\"222\" srcset=\"https:\/\/www.amalesperanza.org\/wp-content\/uploads\/2013\/01\/entrega-material-huerto.jpg 350w, https:\/\/www.amalesperanza.org\/wp-content\/uploads\/2013\/01\/entrega-material-huerto-300x190.jpg 300w\" sizes=\"auto, (max-width: 350px) 100vw, 350px\" \/><\/span><\/p>\n<p><strong><span style=\"color: #008000;\"><span style=\"color: #008000;\">INFORMACI\u00d3N<\/span>\u00a02014<\/span><\/strong><iframe loading=\"lazy\" src=\"http:\/\/www.youtube.com\/embed\/oP_XaanQyZw\" width=\"640\" height=\"360\" frameborder=\"0\" allowfullscreen=\"allowfullscreen\"><\/iframe><\/p>\n<p><span style=\"color: #008000;\"><span style=\"color: #008000;\">Damos testimonio, con este\u00a0v\u00eddeo, \u00a0de las entregas de material y estado actual del proyecto de\u00a0huertos familiares que Amal Esperanza, junto con los padrinos, se lleva a cabo en G\u00fcera, la daira hermana del campamento saharaui de Auserd.<\/span><\/span><\/p>\n<p><span style=\"color: #008000;\">En \u00e9l se resume el trabajo de tres a\u00f1os comenzando desde cero, en el duro suelo de la hammada argelina, y c\u00f3mo cincuenta mujeres han sacado fruto (y qu\u00e9 fruto) del mismo.<\/span><\/p>\n<p><span style=\"color: #008000;\">Los huertos son bastante autosuficientes, pero generan un peque\u00f1o gasto de mantenimiento, demasiado peque\u00f1o si atendemos a d\u00f3nde est\u00e1n montados: tenemos a una persona trabajando all\u00ed, tenemos el suministro anual de semillas, y tenemos la idea de mejorar la gesti\u00f3n del agua, proporcionando elementos para montar una peque\u00f1a red de riego por goteo en cada huerto, una vez comprobado, como pod\u00e9is ver en el video, que ya ha funcionado a modo de prueba en algunos huertos.<\/span><\/p>\n<p><span style=\"color: #008000;\">Se puede colaborar con este imprescindible mantenimiento por 50 euros anuales\/huerto. El ingreso se puede realizar en la cuenta de Amal Esperanza de Caja Rural del Sur: 3187-0088-72-1091259729. Poned vuestro nombre, y en el asunto Mantenimiento de huerto.<\/span><\/p>\n<p><strong><span style=\"color: #008000;\">INFORMACI\u00d3N 2015<\/span><\/strong><\/p>\n<p style=\"text-align: justify;\"><span style=\"color: #008000;\">Como es habitual despu\u00e9s de cada viaje de Amal Esperanza a los Campamentos de refugiados saharauis, damos informaci\u00f3n actualizada de los huertos patrocinados en el desierto.<\/span><\/p>\n<p style=\"text-align: justify;\"><span style=\"color: #008000;\">En general, el proyecto marcha bastante bien, a pesar de las evidentes dificultades que a nadie hay que explicar; es incre\u00edble, a\u00fan para nosotros, encontrar estos vergeles simplemente traspasando un muro de adobe. Ni os pod\u00e9is imaginar lo que siente la familia que gestiona el huerto. Observamos que, adem\u00e1s de las semillas que les llevamos gracias a los aportes de los donantes para mantenimiento, la gente se busca \u00e1rboles aut\u00f3ctonos del desierto, y siembra acacias, porque el verde est\u00e1 empezando a ser parte de su vida. Ya no se limitan a sembrar tomates o lechugas; siembran romero, o plantas del desierto que usan como especias para cocinar, o plantan higueras. Es absolutamente incre\u00edble, incluso para nosotros.<\/span><\/p>\n<p style=\"text-align: justify;\"><span style=\"color: #008000;\"><span style=\"color: #008000;\">Publicamos un\u00a0v\u00eddeo\u00a0de como marcha el proyecto, que resulta m\u00e1s ilustrativo.<\/span><\/span><\/p>\n<p><iframe loading=\"lazy\" src=\"https:\/\/www.youtube.com\/embed\/Du8mt3eTegU\" width=\"420\" height=\"315\" frameborder=\"0\" allowfullscreen=\"allowfullscreen\"><\/iframe><\/p>\n","protected":false},"excerpt":{"rendered":"<p>Marzo 2017: V\u00eddeos sobre los huertos familiares en Auserd:&nbsp; CAMPA\u00d1A DE MANTENIMIENTOS DE HUERTOS FAMILIARES EN AUSERD Amal Esperanza inicia una campa\u00f1a de Apadrinamiento para el mantenimiento de los huertos familiares en Auserd. En esta web tienes informaci\u00f3n sobre los huertos, su historia y su estado. Pero estos huertos requieren mantenimiento: semillas, material de reposici\u00f3n, &hellip; <a href=\"https:\/\/www.amalesperanza.org\/?page_id=3735\" class=\"more-link\">Sigue leyendo <span class=\"screen-reader-text\">APADRINA UN HUERTO<\/span><\/a><\/p>\n","protected":false},"author":3,"featured_media":0,"parent":0,"menu_order":9,"comment_status":"closed","ping_status":"closed","template":"","meta":{"footnotes":""},"class_list":["post-3735","page","type-page","status-publish","hentry"],"_links":{"self":[{"href":"https:\/\/www.amalesperanza.org\/index.php?rest_route=\/wp\/v2\/pages\/3735","targetHints":{"allow":["GET"]}}],"collection":[{"href":"https:\/\/www.amalesperanza.org\/index.php?rest_route=\/wp\/v2\/pages"}],"about":[{"href":"https:\/\/www.amalesperanza.org\/index.php?rest_route=\/wp\/v2\/types\/page"}],"author":[{"embeddable":true,"href":"https:\/\/www.amalesperanza.org\/index.php?rest_route=\/wp\/v2\/users\/3"}],"replies":[{"embeddable":true,"href":"https:\/\/www.amalesperanza.org\/index.php?rest_route=%2Fwp%2Fv2%2Fcomments&post=3735"}],"version-history":[{"count":40,"href":"https:\/\/www.amalesperanza.org\/index.php?rest_route=\/wp\/v2\/pages\/3735\/revisions"}],"predecessor-version":[{"id":5856,"href":"https:\/\/www.amalesperanza.org\/index.php?rest_route=\/wp\/v2\/pages\/3735\/revisions\/5856"}],"wp:attachment":[{"href":"https:\/\/www.amalesperanza.org\/index.php?rest_route=%2Fwp%2Fv2%2Fmedia&parent=3735"}],"curies":[{"name":"wp","href":"https:\/\/api.w.org\/{rel}","templated":true}]}}