{"id":3497,"date":"2012-11-30T17:20:18","date_gmt":"2012-11-30T16:20:18","guid":{"rendered":"http:\/\/www.amalesperanza.org\/?page_id=3497"},"modified":"2017-04-09T21:43:30","modified_gmt":"2017-04-09T19:43:30","slug":"caravana","status":"publish","type":"page","link":"https:\/\/www.amalesperanza.org\/?page_id=3497","title":{"rendered":"CARAVANA"},"content":{"rendered":"<p style=\"text-align: justify;\"><span style=\"color: #666699;\"><strong><em><span style=\"text-decoration: underline;\"><img loading=\"lazy\" decoding=\"async\" class=\"aligncenter size-full wp-image-3500\" title=\"caravana_w01\" src=\"https:\/\/www.amalesperanza.org\/wp-content\/uploads\/2012\/11\/caravana_w01.jpg\" alt=\"\" width=\"500\" height=\"145\" srcset=\"https:\/\/www.amalesperanza.org\/wp-content\/uploads\/2012\/11\/caravana_w01.jpg 500w, https:\/\/www.amalesperanza.org\/wp-content\/uploads\/2012\/11\/caravana_w01-300x87.jpg 300w\" sizes=\"auto, (max-width: 500px) 100vw, 500px\" \/>Objetivo de la campa\u00f1a CARAVANA POR LA PAZ<\/span><\/em><\/strong><\/span><\/p>\n<p style=\"text-align: justify;\"><span style=\"color: #666699;\">La subsistencia alimenticia en los campamentos de refugiados saharauis depende pr\u00e1cticamente en su totalidad de la ayuda exterior. Desde 1975 diversas agencias humanitarias internacionales oficiales, proporcionan alimentos a la poblaci\u00f3n refugiada, mediante env\u00edos de: arroz, aceite, legumbres, harina, leche en polvo, az\u00facar, etc., si bien estos alimentos no siempre llegan con regularidad ni en la cantidad precisa, d\u00e1ndose situaciones de carencia y retraso importantes. La poblaci\u00f3n refugiada vive situaciones l\u00edmites ya que no debemos olvidar la dureza y escasez en la que sobreviven. Y como estas iniciativas no llegan a satisfacer las necesidades alimenticias de la poblaci\u00f3n refugiada es por lo que se hace imprescindible continuar con la cooperaci\u00f3n y la ayuda humanitaria.<\/span><\/p>\n<p style=\"text-align: justify;\"><span style=\"color: #666699;\">La organizaci\u00f3n encargada de la distribuci\u00f3n de estos alimentos es la Media Luna Roja Saharaui (M.L.R.S.) a trav\u00e9s del Comit\u00e9 de suministros. El reparto se realiza de acuerdo con una cuota establecida para cada familia y\/o instituci\u00f3n.<\/span><\/p>\n<p style=\"text-align: justify;\"><span style=\"color: #666699;\">En los campos de refugiados son los ancianos, y los ni\u00f1os los que m\u00e1s sufren esta situaci\u00f3n de precariedad, por ello este proyecto va m\u00e1s all\u00e1, buscando atender a la poblaci\u00f3n m\u00e1s vulnerable, intentando que con una mejor alimentaci\u00f3n disminuyan las patolog\u00edas por desnutrici\u00f3n y contribuyendo junto con las autoridades saharauis a garantizar la alimentaci\u00f3n de la poblaci\u00f3n refugiada.<\/span><\/p>\n<p style=\"text-align: justify;\"><span style=\"color: #666699;\"><strong><em><span style=\"text-decoration: underline;\"><img loading=\"lazy\" decoding=\"async\" class=\"alignleft size-full wp-image-3503\" title=\"caravana_w02\" src=\"https:\/\/www.amalesperanza.org\/wp-content\/uploads\/2012\/11\/caravana_w02.jpg\" alt=\"\" width=\"200\" height=\"374\" srcset=\"https:\/\/www.amalesperanza.org\/wp-content\/uploads\/2012\/11\/caravana_w02.jpg 200w, https:\/\/www.amalesperanza.org\/wp-content\/uploads\/2012\/11\/caravana_w02-160x300.jpg 160w\" sizes=\"auto, (max-width: 200px) 100vw, 200px\" \/>Compromiso de Amal-Esperanza<\/span><\/em><\/strong><\/span><\/p>\n<p style=\"text-align: justify;\"><span style=\"color: #666699;\">La Asociaci\u00f3n Amal-Esperanza recoge en el art. 4\u00ba C de sus estatutos lo siguiente: \u00abDesarrollar todo tipo de iniciativas de apoyo y ayuda humanitaria, de salud, alimenticia, cultural y pol\u00edtica, haciendo menci\u00f3n muy especial a la infancia saharaui\u201d.<\/span><\/p>\n<p style=\"text-align: justify;\"><span style=\"color: #666699;\"><strong><em><span style=\"text-decoration: underline;\">Duraci\u00f3n de la campa\u00f1a<\/span><\/em><\/strong><\/span><\/p>\n<p style=\"text-align: justify;\"><span style=\"color: #666699;\">La campa\u00f1a se realiza anualmente desde el mes de octubre al mes de febrero del siguiente a\u00f1o.<\/span><\/p>\n<p style=\"text-align: justify;\"><span style=\"color: #666699;\"><strong><em><span style=\"text-decoration: underline;\">Aportaci\u00f3n de alimentos<\/span><\/em><\/strong><\/span><\/p>\n<p style=\"text-align: justify;\"><span style=\"color: #666699;\">Se puede colaborar, aportando alimentos, en los centros escolares y comerciales adheridos a la campa\u00f1a; o bien en la sede social en C\/ Calvario 12, los martes de 20:30 a 22:00 o llamando al <strong>634 524 582<\/strong>.<\/span><\/p>\n<p style=\"text-align: justify;\"><span style=\"color: #666699;\"><strong><em><span style=\"text-decoration: underline;\"><img loading=\"lazy\" decoding=\"async\" class=\"alignright size-medium wp-image-3505\" title=\"caravana_w03\" src=\"https:\/\/www.amalesperanza.org\/wp-content\/uploads\/2012\/11\/caravana_w03-300x201.jpg\" alt=\"\" width=\"300\" height=\"201\" srcset=\"https:\/\/www.amalesperanza.org\/wp-content\/uploads\/2012\/11\/caravana_w03-300x201.jpg 300w, https:\/\/www.amalesperanza.org\/wp-content\/uploads\/2012\/11\/caravana_w03.jpg 400w\" sizes=\"auto, (max-width: 300px) 100vw, 300px\" \/>Recaudaci\u00f3n de fondos<\/span><\/em><\/strong><\/span><\/p>\n<p style=\"text-align: justify;\"><span style=\"color: #666699;\">Tambi\u00e9n se necesita recaudar fondos para la adquisici\u00f3n de un cami\u00f3n de segunda mano, para enviar los alimentos recogidos, as\u00ed como ropa, medicinas y distintos proyectos de cooperaci\u00f3n.<\/span><\/p>\n<p style=\"text-align: justify;\"><span style=\"color: #666699;\">Los donativos lo pueden ingresar en el siguiente n\u00ba de cuenta: <strong>3187 0088 73 3126807522<\/strong>.<\/span><\/p>\n<p style=\"text-align: justify;\"><strong><span style=\"color: #666699;\">Si quiere recibir informaci\u00f3n sobre la campa\u00f1a escriba a info@amalesperanza.org, indicando en el asunto \u201cCARAVANA\u201d; o bien h\u00e1galo a trav\u00e9s del siguiente formulario:<\/span><\/strong><\/p>\n<p>CONTACTE<\/p>\n\n<div class=\"wpcf7 no-js\" id=\"wpcf7-f5703-o1\" lang=\"es-ES\" dir=\"ltr\" data-wpcf7-id=\"5703\">\n<div class=\"screen-reader-response\"><p role=\"status\" aria-live=\"polite\" aria-atomic=\"true\"><\/p> <ul><\/ul><\/div>\n<form action=\"\/index.php?rest_route=%2Fwp%2Fv2%2Fpages%2F3497#wpcf7-f5703-o1\" method=\"post\" class=\"wpcf7-form init\" aria-label=\"Formulario de contacto\" novalidate=\"novalidate\" data-status=\"init\">\n<fieldset class=\"hidden-fields-container\"><input type=\"hidden\" name=\"_wpcf7\" value=\"5703\" \/><input type=\"hidden\" name=\"_wpcf7_version\" value=\"6.1.4\" \/><input type=\"hidden\" name=\"_wpcf7_locale\" value=\"es_ES\" \/><input type=\"hidden\" name=\"_wpcf7_unit_tag\" value=\"wpcf7-f5703-o1\" \/><input type=\"hidden\" name=\"_wpcf7_container_post\" value=\"0\" \/><input type=\"hidden\" name=\"_wpcf7_posted_data_hash\" value=\"\" \/>\n<\/fieldset>\n<p><label> Nombre (requerido)<br \/>\n<span class=\"wpcf7-form-control-wrap\" data-name=\"your-name\"><input size=\"40\" maxlength=\"400\" class=\"wpcf7-form-control wpcf7-text wpcf7-validates-as-required\" aria-required=\"true\" aria-invalid=\"false\" value=\"\" type=\"text\" name=\"your-name\" \/><\/span> <\/label>\n<\/p>\n<p><label> Tu correo electr\u00f3nico (requerido)<br \/>\n<span class=\"wpcf7-form-control-wrap\" data-name=\"your-email\"><input size=\"40\" maxlength=\"400\" class=\"wpcf7-form-control wpcf7-email wpcf7-validates-as-required wpcf7-text wpcf7-validates-as-email\" aria-required=\"true\" aria-invalid=\"false\" value=\"\" type=\"email\" name=\"your-email\" \/><\/span> <\/label>\n<\/p>\n<p><label> Asunto<br \/>\n<span class=\"wpcf7-form-control-wrap\" data-name=\"your-subject\"><input size=\"40\" maxlength=\"400\" class=\"wpcf7-form-control wpcf7-text\" aria-invalid=\"false\" value=\"\" type=\"text\" name=\"your-subject\" \/><\/span> <\/label>\n<\/p>\n<p><label> Mensaje<br \/>\n<span class=\"wpcf7-form-control-wrap\" data-name=\"your-message\"><textarea cols=\"40\" rows=\"10\" maxlength=\"2000\" class=\"wpcf7-form-control wpcf7-textarea\" aria-invalid=\"false\" name=\"your-message\"><\/textarea><\/span> <\/label>\n<\/p>\n<p><input class=\"wpcf7-form-control wpcf7-submit has-spinner\" type=\"submit\" value=\"Enviar\" \/>\n<\/p><p style=\"display: none !important;\" class=\"akismet-fields-container\" data-prefix=\"_wpcf7_ak_\"><label>&#916;<textarea name=\"_wpcf7_ak_hp_textarea\" cols=\"45\" rows=\"8\" maxlength=\"100\"><\/textarea><\/label><input type=\"hidden\" id=\"ak_js_1\" name=\"_wpcf7_ak_js\" value=\"132\"\/><script>document.getElementById( \"ak_js_1\" ).setAttribute( \"value\", ( new Date() ).getTime() );<\/script><\/p><div class=\"wpcf7-response-output\" aria-hidden=\"true\"><\/div>\n<\/form>\n<\/div>\n\n<p>&nbsp;<\/p>\n","protected":false},"excerpt":{"rendered":"<p>Objetivo de la campa\u00f1a CARAVANA POR LA PAZ La subsistencia alimenticia en los campamentos de refugiados saharauis depende pr\u00e1cticamente en su totalidad de la ayuda exterior. Desde 1975 diversas agencias humanitarias internacionales oficiales, proporcionan alimentos a la poblaci\u00f3n refugiada, mediante env\u00edos de: arroz, aceite, legumbres, harina, leche en polvo, az\u00facar, etc., si bien estos alimentos &hellip; <a href=\"https:\/\/www.amalesperanza.org\/?page_id=3497\" class=\"more-link\">Sigue leyendo <span class=\"screen-reader-text\">CARAVANA<\/span><\/a><\/p>\n","protected":false},"author":3,"featured_media":0,"parent":0,"menu_order":5,"comment_status":"closed","ping_status":"closed","template":"","meta":{"footnotes":""},"class_list":["post-3497","page","type-page","status-publish","hentry"],"_links":{"self":[{"href":"https:\/\/www.amalesperanza.org\/index.php?rest_route=\/wp\/v2\/pages\/3497","targetHints":{"allow":["GET"]}}],"collection":[{"href":"https:\/\/www.amalesperanza.org\/index.php?rest_route=\/wp\/v2\/pages"}],"about":[{"href":"https:\/\/www.amalesperanza.org\/index.php?rest_route=\/wp\/v2\/types\/page"}],"author":[{"embeddable":true,"href":"https:\/\/www.amalesperanza.org\/index.php?rest_route=\/wp\/v2\/users\/3"}],"replies":[{"embeddable":true,"href":"https:\/\/www.amalesperanza.org\/index.php?rest_route=%2Fwp%2Fv2%2Fcomments&post=3497"}],"version-history":[{"count":17,"href":"https:\/\/www.amalesperanza.org\/index.php?rest_route=\/wp\/v2\/pages\/3497\/revisions"}],"predecessor-version":[{"id":5705,"href":"https:\/\/www.amalesperanza.org\/index.php?rest_route=\/wp\/v2\/pages\/3497\/revisions\/5705"}],"wp:attachment":[{"href":"https:\/\/www.amalesperanza.org\/index.php?rest_route=%2Fwp%2Fv2%2Fmedia&parent=3497"}],"curies":[{"name":"wp","href":"https:\/\/api.w.org\/{rel}","templated":true}]}}