{"id":1932,"date":"2010-08-18T20:45:44","date_gmt":"2010-08-18T18:45:44","guid":{"rendered":"http:\/\/www.amalesperanza.org\/?page_id=1932"},"modified":"2025-12-15T08:57:21","modified_gmt":"2025-12-15T07:57:21","slug":"videos","status":"publish","type":"page","link":"https:\/\/www.amalesperanza.org\/?page_id=1932","title":{"rendered":"VIDEOS"},"content":{"rendered":"<p><span style=\"color: #008000;\"><strong>LALIA. Documental sobre los campamentos de refugiados saharauis en Argelia.<\/strong><\/span><\/p>\n<p><iframe loading=\"lazy\" src=\"https:\/\/player.vimeo.com\/video\/22317139\" width=\"400\" height=\"300\" frameborder=\"0\" allowfullscreen=\"allowfullscreen\"><\/iframe><\/p>\n<p>&nbsp;<\/p>\n<p><strong><span style=\"color: #008000;\">BREVE HISTORIA DEL SAHARA<\/span><\/strong><\/p>\n<p><iframe loading=\"lazy\" src=\"https:\/\/www.youtube.com\/embed\/2IBv8icYo4w\" width=\"480\" height=\"385\" frameborder=\"0\" allowfullscreen=\"allowfullscreen\"><\/iframe><\/p>\n<p><iframe loading=\"lazy\" src=\"https:\/\/www.youtube.com\/embed\/ox-uU1175lY\" width=\"420\" height=\"315\" frameborder=\"0\" allowfullscreen=\"allowfullscreen\"><\/iframe><\/p>\n<p><iframe loading=\"lazy\" src=\"https:\/\/www.youtube.com\/embed\/zxsoV5aUmkE\" width=\"420\" height=\"315\" frameborder=\"0\" allowfullscreen=\"allowfullscreen\"><\/iframe><\/p>\n<p><strong><span style=\"color: #008000;\">1975: LA MARCHA VERDE SOBRE EL SAHARA<\/span><\/strong><br \/>\n<iframe loading=\"lazy\" src=\"https:\/\/www.youtube.com\/embed\/g2rvSrrH3iA?feature=player_detailpage\" width=\"640\" height=\"360\" frameborder=\"0\" allowfullscreen=\"allowfullscreen\"><\/iframe><\/p>\n<p><strong><span style=\"color: #008000;\">27 Febrero 1976: PROCLAMACION RASD<\/span><\/strong><br \/>\n<iframe loading=\"lazy\" src=\"https:\/\/www.youtube.com\/embed\/Qjw7ELfIVtY?fs=1&amp;hl=es_ES\" width=\"480\" height=\"385\" frameborder=\"0\" allowfullscreen=\"allowfullscreen\"><\/iframe><\/p>\n<p><iframe loading=\"lazy\" src=\"https:\/\/www.youtube.com\/embed\/E2OiDANIuIw?fs=1&amp;hl=es_ES\" width=\"480\" height=\"385\" frameborder=\"0\" allowfullscreen=\"allowfullscreen\"><\/iframe><\/p>\n<p>&nbsp;<\/p>\n<p><strong><span style=\"color: #008000;\">PROMESAS INCUMPLIDAS DE FELIPE GONZALEZ CON EL PUEBLO SAHARAUI<\/span><\/strong><br \/>\n<iframe loading=\"lazy\" src=\"https:\/\/www.youtube.com\/embed\/BFtrNAgIHtI?fs=1&amp;hl=es_ES\" width=\"480\" height=\"385\" frameborder=\"0\" allowfullscreen=\"allowfullscreen\"><\/iframe><\/p>\n<p>&nbsp;<\/p>\n<p><strong><span style=\"color: #008000;\">CULTURA SAHARAUI<\/span><\/strong><br \/>\n<iframe loading=\"lazy\" src=\"https:\/\/www.youtube.com\/embed\/ZdTkNBy3jXY?fs=1&amp;hl=es_ES\" width=\"480\" height=\"385\" frameborder=\"0\" allowfullscreen=\"allowfullscreen\"><\/iframe><\/p>\n<p><iframe loading=\"lazy\" src=\"https:\/\/www.youtube.com\/embed\/NMYANR0NuKw?fs=1&amp;hl=es_ES\" width=\"480\" height=\"385\" frameborder=\"0\" allowfullscreen=\"allowfullscreen\"><\/iframe><\/p>\n<p><span style=\"color: #008000;\"><strong>LA MUJER SAHARAUI<\/strong><\/span><\/p>\n<p style=\"text-align: justify;\"><span style=\"color: #008000;\">Esta es la realidad de mujeres de un mismo pueblo que viven dividas por el muro que las separa desde hace 35 a\u00f1os.<br \/>\nLas exiliadas saharauis que viven en los Campamentos de Refugiados de Tindouf (Argelia), tienen una representaci\u00f3n del 88% en la ense\u00f1anza y en la salud, y un 9% en el gobierno, evidencia de que son el pilar fundamental de la sociedad.<br \/>\nLas que quedaron en los Territorios Ocupados del Sahara Occidental forman parte de todos los \u00e1mbitos de lucha y activismo contra la ocupaci\u00f3n marroqu\u00ed. Se manifiestan en las intifadas, investigan sobre el expolio de sus recursos naturales, pintan banderas, escriben panfletos y pertenecen a las asociaciones que defienden los derechos humanos de los saharauis en el Sahara Occidental. Ellas: expresas, exdesaparecidas, activistas, son a\u00fan hoy torturadas, acosadas, perseguidas, vigiladas y violadas solo por defender su leg\u00edtimo derecho a pronunciarse libremente por la Independencia del Sahara Occidental.<br \/>\nLuchadoras en primera l\u00ednea de la revoluci\u00f3n y resistencia saharaui.<br \/>\nPor el empoderamiento y visibilidad de las mujeres saharauis.<br \/>\nPor un Sahara Occidental libre ya!<br \/>\n<a href=\"mailto:circoa@gmail.com\">circoa@gmail.com<\/a><br \/>\nPara su libre difusi\u00f3n, porque Otro Mundo es posible.<br \/>\nVideo Original:<br \/>\n<\/span><br \/>\n<a dir=\"ltr\" title=\"http:\/\/vimeo.com\/8910857\" href=\"http:\/\/vimeo.com\/8910857\" target=\"_blank\" rel=\"nofollow noopener\"><span style=\"color: #008000;\">http:\/\/vimeo.com\/8910857<\/span><\/a><\/p>\n<p style=\"text-align: justify;\"><iframe loading=\"lazy\" src=\"https:\/\/www.youtube.com\/embed\/UtXBkqp-h0A?fs=1&amp;hl=es_ES\" width=\"480\" height=\"385\" frameborder=\"0\" allowfullscreen=\"allowfullscreen\"><\/iframe><br \/>\n<iframe loading=\"lazy\" src=\"https:\/\/www.youtube.com\/embed\/OelicwkvzJY?fs=1&amp;hl=es_ES\" width=\"480\" height=\"385\" frameborder=\"0\" allowfullscreen=\"allowfullscreen\"><\/iframe><br \/>\n<iframe loading=\"lazy\" src=\"https:\/\/www.youtube.com\/embed\/HHrgOvo_YJY?fs=1&amp;hl=es_ES\" width=\"480\" height=\"385\" frameborder=\"0\" allowfullscreen=\"allowfullscreen\"><\/iframe><\/p>\n<p style=\"text-align: justify;\"><strong><span style=\"color: #008000;\">EL SAHARA Y EL MURO DEL QUE NADIE QUIERE HABLAR<\/span><\/strong><\/p>\n<p style=\"text-align: justify;\"><span style=\"color: #008000;\">Este muro de m\u00e1s de 2700 Km de longitud, fue construido por Marruecos en 1983, con el objetivo de poner fuera del alcance de sus leg\u00edtimos propietarios el territorio saharaui invadido por Marruecos con la ayuda econ\u00f3mica y militar de Estados Unidos.<\/span><\/p>\n<p><span style=\"color: #008000;\">El muro, plagado de minas antipersona desde principio a fin, divide el Sahara Occidental en dos partes.<\/span><\/p>\n<p><iframe loading=\"lazy\" src=\"https:\/\/www.youtube.com\/embed\/n3W_osZS8Dg\" width=\"420\" height=\"315\" frameborder=\"0\" allowfullscreen=\"allowfullscreen\"><\/iframe><\/p>\n","protected":false},"excerpt":{"rendered":"<p>LALIA. Documental sobre los campamentos de refugiados saharauis en Argelia. &nbsp; BREVE HISTORIA DEL SAHARA 1975: LA MARCHA VERDE SOBRE EL SAHARA 27 Febrero 1976: PROCLAMACION RASD &nbsp; PROMESAS INCUMPLIDAS DE FELIPE GONZALEZ CON EL PUEBLO SAHARAUI &nbsp; CULTURA SAHARAUI LA MUJER SAHARAUI Esta es la realidad de mujeres de un mismo pueblo que viven &hellip; <a href=\"https:\/\/www.amalesperanza.org\/?page_id=1932\" class=\"more-link\">Sigue leyendo <span class=\"screen-reader-text\">VIDEOS<\/span><\/a><\/p>\n","protected":false},"author":3,"featured_media":0,"parent":0,"menu_order":7,"comment_status":"closed","ping_status":"closed","template":"","meta":{"footnotes":""},"class_list":["post-1932","page","type-page","status-publish","hentry"],"_links":{"self":[{"href":"https:\/\/www.amalesperanza.org\/index.php?rest_route=\/wp\/v2\/pages\/1932","targetHints":{"allow":["GET"]}}],"collection":[{"href":"https:\/\/www.amalesperanza.org\/index.php?rest_route=\/wp\/v2\/pages"}],"about":[{"href":"https:\/\/www.amalesperanza.org\/index.php?rest_route=\/wp\/v2\/types\/page"}],"author":[{"embeddable":true,"href":"https:\/\/www.amalesperanza.org\/index.php?rest_route=\/wp\/v2\/users\/3"}],"replies":[{"embeddable":true,"href":"https:\/\/www.amalesperanza.org\/index.php?rest_route=%2Fwp%2Fv2%2Fcomments&post=1932"}],"version-history":[{"count":32,"href":"https:\/\/www.amalesperanza.org\/index.php?rest_route=\/wp\/v2\/pages\/1932\/revisions"}],"predecessor-version":[{"id":6102,"href":"https:\/\/www.amalesperanza.org\/index.php?rest_route=\/wp\/v2\/pages\/1932\/revisions\/6102"}],"wp:attachment":[{"href":"https:\/\/www.amalesperanza.org\/index.php?rest_route=%2Fwp%2Fv2%2Fmedia&parent=1932"}],"curies":[{"name":"wp","href":"https:\/\/api.w.org\/{rel}","templated":true}]}}